{"id":41,"date":"2020-06-18T08:10:34","date_gmt":"2020-06-18T08:10:34","guid":{"rendered":"http:\/\/dgcomputerservice.de\/?page_id=41"},"modified":"2020-06-19T04:32:41","modified_gmt":"2020-06-19T04:32:41","slug":"telekommunikation","status":"publish","type":"page","link":"http:\/\/dgcomputerservice.de\/?page_id=41","title":{"rendered":"Telekommunikation"},"content":{"rendered":"\n<p>Sie sind eine Privatperson und brauchen eine vern\u00fcnftige<br>L\u00f6sung zu Hause f\u00fcr Telefon, Internet und das f\u00fcr<br>alle Familienteilnehmer?<\/p>\n\n\n\n<p>Sie haben eine Firma und brauchen eine einfache Verteilung Ihrer<br>einzelnen Firmenabteilungen?<\/p>\n\n\n\n<p>Kein Problem, wir bieten alles an &#8211; sowohl kleine Haushalte<br>bis hin zu Hotels. Auch die Anbindung von mehreren Standorten ist m\u00f6glich.<\/p>\n\n\n\n<p><\/p>\n\n\n\n<p><\/p>\n","protected":false},"excerpt":{"rendered":"<p>Sie sind eine Privatperson und brauchen eine vern\u00fcnftigeL\u00f6sung zu Hause f\u00fcr Telefon, Internet und das f\u00fcralle Familienteilnehmer? Sie haben eine Firma und brauchen eine einfache Verteilung Ihrereinzelnen Firmenabteilungen? Kein Problem, wir bieten alles an &#8211; sowohl kleine Haushaltebis hin zu Hotels. Auch die Anbindung von mehreren Standorten ist m\u00f6glich.<\/p>\n","protected":false},"author":1,"featured_media":0,"parent":80,"menu_order":0,"comment_status":"closed","ping_status":"closed","template":"","meta":[],"_links":{"self":[{"href":"http:\/\/dgcomputerservice.de\/index.php?rest_route=\/wp\/v2\/pages\/41"}],"collection":[{"href":"http:\/\/dgcomputerservice.de\/index.php?rest_route=\/wp\/v2\/pages"}],"about":[{"href":"http:\/\/dgcomputerservice.de\/index.php?rest_route=\/wp\/v2\/types\/page"}],"author":[{"embeddable":true,"href":"http:\/\/dgcomputerservice.de\/index.php?rest_route=\/wp\/v2\/users\/1"}],"replies":[{"embeddable":true,"href":"http:\/\/dgcomputerservice.de\/index.php?rest_route=%2Fwp%2Fv2%2Fcomments&post=41"}],"version-history":[{"count":2,"href":"http:\/\/dgcomputerservice.de\/index.php?rest_route=\/wp\/v2\/pages\/41\/revisions"}],"predecessor-version":[{"id":98,"href":"http:\/\/dgcomputerservice.de\/index.php?rest_route=\/wp\/v2\/pages\/41\/revisions\/98"}],"up":[{"embeddable":true,"href":"http:\/\/dgcomputerservice.de\/index.php?rest_route=\/wp\/v2\/pages\/80"}],"wp:attachment":[{"href":"http:\/\/dgcomputerservice.de\/index.php?rest_route=%2Fwp%2Fv2%2Fmedia&parent=41"}],"curies":[{"name":"wp","href":"https:\/\/api.w.org\/{rel}","templated":true}]}}